{"id":1248,"date":"2023-02-01T22:07:20","date_gmt":"2023-02-01T22:07:20","guid":{"rendered":"https:\/\/citizenscience-now.org\/?page_id=1248"},"modified":"2024-09-13T10:10:57","modified_gmt":"2024-09-13T10:10:57","slug":"news01","status":"publish","type":"page","link":"https:\/\/citizenscience-now.org\/index.php\/news01\/","title":{"rendered":"News 2022-07 &#8211; FH M\u00fcnster researchers present the Science-Society Toolbox, a collection of transdisciplinary methods for an impactful engagement"},"content":{"rendered":"\t\t<div data-elementor-type=\"wp-page\" data-elementor-id=\"1248\" class=\"elementor elementor-1248\" data-elementor-post-type=\"page\">\n\t\t\t\t\t\t<section class=\"elementor-section elementor-top-section elementor-element elementor-element-a8e5b70 elementor-section-boxed elementor-section-height-default elementor-section-height-default\" data-id=\"a8e5b70\" data-element_type=\"section\" data-e-type=\"section\" data-settings=\"{&quot;background_background&quot;:&quot;classic&quot;}\">\n\t\t\t\t\t\t\t<div class=\"elementor-background-overlay\"><\/div>\n\t\t\t\t\t\t\t<div class=\"elementor-container elementor-column-gap-default\">\n\t\t\t\t\t<div class=\"elementor-column elementor-col-100 elementor-top-column elementor-element elementor-element-2242b668\" data-id=\"2242b668\" data-element_type=\"column\" data-e-type=\"column\">\n\t\t\t<div class=\"elementor-widget-wrap elementor-element-populated\">\n\t\t\t\t\t\t<div class=\"elementor-element elementor-element-15d6f422 elementor-invisible elementor-widget elementor-widget-heading\" data-id=\"15d6f422\" data-element_type=\"widget\" data-e-type=\"widget\" data-settings=\"{&quot;_animation&quot;:&quot;fadeInUp&quot;}\" data-widget_type=\"heading.default\">\n\t\t\t\t<div class=\"elementor-widget-container\">\n\t\t\t\t\t<h2 class=\"elementor-heading-title elementor-size-default\">FH M\u00fcnster researchers present the Science-Society Toolbox, a collection of transdisciplinary methods for an impactful engagement<\/h2>\t\t\t\t<\/div>\n\t\t\t\t<\/div>\n\t\t\t\t<div class=\"elementor-element elementor-element-25eeb35e elementor-widget elementor-widget-heading\" data-id=\"25eeb35e\" data-element_type=\"widget\" data-e-type=\"widget\" data-widget_type=\"heading.default\">\n\t\t\t\t<div class=\"elementor-widget-container\">\n\t\t\t\t\t<h4 class=\"elementor-heading-title elementor-size-default\">July 2022<\/h4>\t\t\t\t<\/div>\n\t\t\t\t<\/div>\n\t\t\t\t\t<\/div>\n\t\t<\/div>\n\t\t\t\t\t<\/div>\n\t\t<\/section>\n\t\t\t\t<section class=\"elementor-section elementor-top-section elementor-element elementor-element-7e2117de elementor-section-boxed elementor-section-height-default elementor-section-height-default\" data-id=\"7e2117de\" data-element_type=\"section\" data-e-type=\"section\">\n\t\t\t\t\t\t<div class=\"elementor-container elementor-column-gap-default\">\n\t\t\t\t\t<div class=\"elementor-column elementor-col-100 elementor-top-column elementor-element elementor-element-702b117c\" data-id=\"702b117c\" data-element_type=\"column\" data-e-type=\"column\">\n\t\t\t<div class=\"elementor-widget-wrap elementor-element-populated\">\n\t\t\t\t\t\t<div class=\"elementor-element elementor-element-3f2007d9 elementor-widget elementor-widget-spacer\" data-id=\"3f2007d9\" data-element_type=\"widget\" data-e-type=\"widget\" data-widget_type=\"spacer.default\">\n\t\t\t\t<div class=\"elementor-widget-container\">\n\t\t\t\t\t\t\t<div class=\"elementor-spacer\">\n\t\t\t<div class=\"elementor-spacer-inner\"><\/div>\n\t\t<\/div>\n\t\t\t\t\t\t<\/div>\n\t\t\t\t<\/div>\n\t\t\t\t\t<\/div>\n\t\t<\/div>\n\t\t\t\t\t<\/div>\n\t\t<\/section>\n\t\t\t\t<section class=\"elementor-section elementor-top-section elementor-element elementor-element-162ffbee elementor-section-boxed elementor-section-height-default elementor-section-height-default\" data-id=\"162ffbee\" data-element_type=\"section\" data-e-type=\"section\">\n\t\t\t\t\t\t<div class=\"elementor-container elementor-column-gap-default\">\n\t\t\t\t\t<div class=\"elementor-column elementor-col-100 elementor-top-column elementor-element elementor-element-2c4be276\" data-id=\"2c4be276\" data-element_type=\"column\" data-e-type=\"column\">\n\t\t\t<div class=\"elementor-widget-wrap elementor-element-populated\">\n\t\t\t\t\t\t<div class=\"elementor-element elementor-element-2a13ab53 elementor-widget elementor-widget-text-editor\" data-id=\"2a13ab53\" data-element_type=\"widget\" data-e-type=\"widget\" data-widget_type=\"text-editor.default\">\n\t\t\t\t<div class=\"elementor-widget-container\">\n\t\t\t\t\t\t\t\t\t<p><img fetchpriority=\"high\" decoding=\"async\" class=\"alignright wp-image-410\" src=\"https:\/\/citizenscience-now.org\/wp-content\/uploads\/2022\/08\/Blog.jpg\" alt=\"\" width=\"500\" height=\"334\" srcset=\"https:\/\/citizenscience-now.org\/wp-content\/uploads\/2022\/08\/Blog.jpg 620w, https:\/\/citizenscience-now.org\/wp-content\/uploads\/2022\/08\/Blog-300x200.jpg 300w\" sizes=\"(max-width: 500px) 100vw, 500px\" \/>Recently Dr Kerstin Kurzhals and her team publicised a\u00a0<a href=\"https:\/\/en.fh-muenster.de\/science-marketing\/tools-methoden.php\">toolbox<\/a>\u00a0that has been created as part of and in collaboration with the m\u00fcnster.land.leben project in a digital format. M\u00fcnster.land.leben revolves around promoting health and well-being in rural areas of the M\u00fcnsterland and is the biggest transdisciplinary transfer project at FH M\u00fcnster University of Applied Sciences. This is achieved through 13 sub-projects that concern themselves with different facets of health through a participatory research approach.<\/p><p>The toolbox combines operative and strategic tools to make them available for scientists and social actors that engage in science\/society projects.\u00a0Science\/society refers to projects that involve parties from science and society backgrounds working together to contribute toward social development. The idea for a toolbox comes from the need to overcome various transfer barriers encountered in transdisciplinary\u00a0cooperation projects. Twelve different transfer barriers that act as obstacles in transdisciplinary cooperation were identified. Additionally, methods and tools to overcome these barriers were collected and modified based on the identified barriers. The knowledge regarding transfer barriers and methodological approaches to overcome them enables scientists and practitioners to conduct successful science\/society projects. The toolbox results from a co-creation process between Dr Kerstin Kurzhals, her team, and various disciplines and departments from the sub-projects of the m\u00fcnster.land.leben project to extract their best practices in dealing with the identified transfer barriers.<\/p><p>The outcome is a collection of transdisciplinary methods that act as enablers for future science\/society projects. This collection of tools and methods resulted in the successful creation of a toolbox that has grown into a full-fledged book, a box of cards for the practical usage of the tools in project work and an accompanying toolbox website that offers additional downloads for interactive templates. The first physical versions of the tool-book have been finished. The research team is proud that the book has been accepted by the publishing house Springer-Gabler and will be available as Open Access publication to make the results available to a broad public of researchers and practitioners. Furthermore, the toolbox has been made available in a digital format for scientists and practitioners interested.<\/p><p>The application of the methods that can be found on the website contributes to the success of cooperative projects between science and society, with the overarching goal of providing the necessary &#8220;tools&#8221; to successfully address the challenges of our society through improved methodological access and support appropriate to the requirements of cooperation in transdisciplinary collaborations. Because only together can we find answers to the challenges of our times.\u00a0<\/p><p><a href=\"https:\/\/en.fh-muenster.de\/science-marketing\/news\/2021-08-31-third-mission-possible-science-to-society-research-line-publish-a-digital-toolbox-for-transdisciplinary-science-society-projects.php\">Photo Credit<\/a><\/p>\t\t\t\t\t\t\t\t<\/div>\n\t\t\t\t<\/div>\n\t\t\t\t<div class=\"elementor-element elementor-element-c671ab2 elementor-align-center elementor-widget elementor-widget-button\" data-id=\"c671ab2\" data-element_type=\"widget\" data-e-type=\"widget\" data-widget_type=\"button.default\">\n\t\t\t\t<div class=\"elementor-widget-container\">\n\t\t\t\t\t\t\t\t\t<div class=\"elementor-button-wrapper\">\n\t\t\t\t\t<a class=\"elementor-button elementor-button-link elementor-size-sm\" href=\"https:\/\/citizenscience-now.org\/index.php\/news-and-blogs\/\">\n\t\t\t\t\t\t<span class=\"elementor-button-content-wrapper\">\n\t\t\t\t\t\t\t\t\t<span class=\"elementor-button-text\">Back to News overview<\/span>\n\t\t\t\t\t<\/span>\n\t\t\t\t\t<\/a>\n\t\t\t\t<\/div>\n\t\t\t\t\t\t\t\t<\/div>\n\t\t\t\t<\/div>\n\t\t\t\t<div class=\"elementor-element elementor-element-72f230de elementor-widget elementor-widget-spacer\" data-id=\"72f230de\" data-element_type=\"widget\" data-e-type=\"widget\" data-widget_type=\"spacer.default\">\n\t\t\t\t<div class=\"elementor-widget-container\">\n\t\t\t\t\t\t\t<div class=\"elementor-spacer\">\n\t\t\t<div class=\"elementor-spacer-inner\"><\/div>\n\t\t<\/div>\n\t\t\t\t\t\t<\/div>\n\t\t\t\t<\/div>\n\t\t\t\t\t<\/div>\n\t\t<\/div>\n\t\t\t\t\t<\/div>\n\t\t<\/section>\n\t\t\t\t<section class=\"elementor-section elementor-top-section elementor-element elementor-element-65773aa3 elementor-section-boxed elementor-section-height-default elementor-section-height-default\" data-id=\"65773aa3\" data-element_type=\"section\" data-e-type=\"section\">\n\t\t\t\t\t\t<div class=\"elementor-container elementor-column-gap-default\">\n\t\t\t\t\t<div class=\"elementor-column elementor-col-100 elementor-top-column elementor-element elementor-element-19701d8e\" data-id=\"19701d8e\" data-element_type=\"column\" data-e-type=\"column\">\n\t\t\t<div class=\"elementor-widget-wrap elementor-element-populated\">\n\t\t\t\t\t\t<div class=\"elementor-element elementor-element-3e06019e elementor-shape-rounded elementor-grid-0 e-grid-align-center elementor-widget elementor-widget-social-icons\" data-id=\"3e06019e\" data-element_type=\"widget\" data-e-type=\"widget\" data-widget_type=\"social-icons.default\">\n\t\t\t\t<div class=\"elementor-widget-container\">\n\t\t\t\t\t\t\t<div class=\"elementor-social-icons-wrapper elementor-grid\" role=\"list\">\n\t\t\t\t\t\t\t<span class=\"elementor-grid-item\" role=\"listitem\">\n\t\t\t\t\t<a class=\"elementor-icon elementor-social-icon elementor-social-icon-linkedin elementor-repeater-item-423ec4d\" href=\"https:\/\/www.linkedin.com\/company\/citizen-science-now-project\" target=\"_blank\">\n\t\t\t\t\t\t<span class=\"elementor-screen-only\">Linkedin<\/span>\n\t\t\t\t\t\t<i aria-hidden=\"true\" class=\"fab fa-linkedin\"><\/i>\t\t\t\t\t<\/a>\n\t\t\t\t<\/span>\n\t\t\t\t\t\t\t<span class=\"elementor-grid-item\" role=\"listitem\">\n\t\t\t\t\t<a class=\"elementor-icon elementor-social-icon elementor-social-icon-twitter elementor-repeater-item-6ec72cc\" href=\"https:\/\/twitter.com\/CitizenScienNOW\" target=\"_blank\">\n\t\t\t\t\t\t<span class=\"elementor-screen-only\">Twitter<\/span>\n\t\t\t\t\t\t<i aria-hidden=\"true\" class=\"fab fa-twitter\"><\/i>\t\t\t\t\t<\/a>\n\t\t\t\t<\/span>\n\t\t\t\t\t<\/div>\n\t\t\t\t\t\t<\/div>\n\t\t\t\t<\/div>\n\t\t\t\t\t<\/div>\n\t\t<\/div>\n\t\t\t\t\t<\/div>\n\t\t<\/section>\n\t\t\t\t<section class=\"elementor-section elementor-top-section elementor-element elementor-element-5352b128 elementor-section-boxed elementor-section-height-default elementor-section-height-default\" data-id=\"5352b128\" data-element_type=\"section\" data-e-type=\"section\">\n\t\t\t\t\t\t<div class=\"elementor-container elementor-column-gap-default\">\n\t\t\t\t\t<div class=\"elementor-column elementor-col-100 elementor-top-column elementor-element elementor-element-6e9ec6c5\" data-id=\"6e9ec6c5\" data-element_type=\"column\" data-e-type=\"column\">\n\t\t\t<div class=\"elementor-widget-wrap elementor-element-populated\">\n\t\t\t\t\t\t<div class=\"elementor-element elementor-element-11fbce7e elementor-widget elementor-widget-spacer\" data-id=\"11fbce7e\" data-element_type=\"widget\" data-e-type=\"widget\" data-widget_type=\"spacer.default\">\n\t\t\t\t<div class=\"elementor-widget-container\">\n\t\t\t\t\t\t\t<div class=\"elementor-spacer\">\n\t\t\t<div class=\"elementor-spacer-inner\"><\/div>\n\t\t<\/div>\n\t\t\t\t\t\t<\/div>\n\t\t\t\t<\/div>\n\t\t\t\t\t<\/div>\n\t\t<\/div>\n\t\t\t\t\t<\/div>\n\t\t<\/section>\n\t\t\t\t<\/div>\n\t\t","protected":false},"excerpt":{"rendered":"<p>FH M\u00fcnster researchers present the Science-Society Toolbox, a collection of transdisciplinary methods for an impactful engagement July 2022 Recently Dr Kerstin Kurzhals and her team publicised a\u00a0toolbox\u00a0that has been created as part of and in collaboration with the m\u00fcnster.land.leben project in a digital format. M\u00fcnster.land.leben revolves around promoting health and well-being in rural areas of [&hellip;]<\/p>\n","protected":false},"author":1,"featured_media":0,"parent":0,"menu_order":0,"comment_status":"closed","ping_status":"closed","template":"","meta":{"footnotes":""},"class_list":["post-1248","page","type-page","status-publish","hentry"],"_links":{"self":[{"href":"https:\/\/citizenscience-now.org\/index.php\/wp-json\/wp\/v2\/pages\/1248","targetHints":{"allow":["GET"]}}],"collection":[{"href":"https:\/\/citizenscience-now.org\/index.php\/wp-json\/wp\/v2\/pages"}],"about":[{"href":"https:\/\/citizenscience-now.org\/index.php\/wp-json\/wp\/v2\/types\/page"}],"author":[{"embeddable":true,"href":"https:\/\/citizenscience-now.org\/index.php\/wp-json\/wp\/v2\/users\/1"}],"replies":[{"embeddable":true,"href":"https:\/\/citizenscience-now.org\/index.php\/wp-json\/wp\/v2\/comments?post=1248"}],"version-history":[{"count":7,"href":"https:\/\/citizenscience-now.org\/index.php\/wp-json\/wp\/v2\/pages\/1248\/revisions"}],"predecessor-version":[{"id":1810,"href":"https:\/\/citizenscience-now.org\/index.php\/wp-json\/wp\/v2\/pages\/1248\/revisions\/1810"}],"wp:attachment":[{"href":"https:\/\/citizenscience-now.org\/index.php\/wp-json\/wp\/v2\/media?parent=1248"}],"curies":[{"name":"wp","href":"https:\/\/api.w.org\/{rel}","templated":true}]}}